  {"id":7,"date":"2021-02-26T15:50:43","date_gmt":"2021-02-26T14:50:43","guid":{"rendered":"http:\/\/www.calhypnose.com\/?page_id=7"},"modified":"2024-01-29T10:46:43","modified_gmt":"2024-01-29T09:46:43","slug":"a-propos-de","status":"publish","type":"page","link":"https:\/\/www.calhypnose.com\/index.php\/a-propos-de\/","title":{"rendered":"Qui suis-je ?"},"content":{"rendered":"\n<p>Ag\u00e9e de 47 ans et issue de formation sup\u00e9rieure en communication, j&#8217;ai eu &#8220;plusieurs vies&#8221; qui m&#8217;ont toutes beaucoup enrichie, tant d&#8217;un point de vue professionnel que personnel. <br><br>Apr\u00e8s des postes \u00e0 responsabilit\u00e9s en SSII puis en cabinet de recrutement et enfin dans l&#8217;\u00e9dition m\u00e9dicale, j&#8217;ai d\u00e9cid\u00e9 de cr\u00e9er ma propre soci\u00e9t\u00e9 dans le domaine de la publicit\u00e9 afin de laisser libre cours \u00e0 ma cr\u00e9ativit\u00e9 et \u00e0 mon besoin de libert\u00e9.<br><br>Parall\u00e8lement \u00e0 ce parcours plut\u00f4t &#8220;classique&#8221;, j&#8217;ai toujours fait preuve d&#8217;une grande curiosit\u00e9 et d&#8217;un go\u00fbt prononc\u00e9 pour la diversit\u00e9, ce qui m&#8217;a permis de rencontrer des gens extraordinaires dans le milieu artistique, le monde de la nuit et l&#8217;univers du d\u00e9veloppement personnel.<br><br>Ces exp\u00e9riences h\u00e9t\u00e9roclites me conf\u00e8rent aujourd&#8217;hui une grande ouverture d&#8217;esprit et me permettent de m&#8217;adapter avec souplesse \u00e0 mes interlocuteurs quelque soient leur environnement socio-culturel, leur histoire et leur personnalit\u00e9.<br><br>J&#8217;aime l&#8217;Humain et mon objectif est aujourd&#8217;hui de l&#8217;accompagner dans sa qu\u00eate de bien \u00eatre avec objectivit\u00e9, douceur et bienveillance sans jamais le juger.<br><br>Ma\u00eetre Praticienne en hypnose Ericksonienne, j&#8217;ai suivi diff\u00e9rentes formations dans plusieurs centres reconnus (Mental Ressources et Quintessence) et j\u2019\u00e9toffe ma pratique en participant r\u00e9guli\u00e8rement \u00e0 des formations de qualit\u00e9 pour d\u00e9velopper mes comp\u00e9tences et acqu\u00e9rir de nouveaux outils d&#8217;accompagnement dont voici diff\u00e9rentes certifications :<\/p>\n\n\n\n<p><\/p>\n\n\n\n<ul><li>Praticienne PNL (Programmation Neuro-Linguistique) : M\u00e9thode de communication interne et externe qui vous permet de comprendre comment vous fonctionnez pour mieux \u00e9voluer. Elle est bas\u00e9e sur les sciences cognitives et s\u2019int\u00e9resse \u00e0 l\u2019interaction entre vos habitudes, vos pens\u00e9es et vos comportements.<\/li><li>Praticienne en Hypnose Profonde<\/li><li>Praticienne en hypnose magn\u00e9tique et soins \u00e9nerg\u00e9tiques<\/li><li>SBA (Stimulation Bilat\u00e9rale Altern\u00e9e) : Gestion des traumatismes avec les mouvements altern\u00e9s (oculaires\/tactiles\/auditifs ) qui permet de d\u00e9sactiver les r\u00e9actions \u00e9motionnelles n\u00e9gatives li\u00e9es \u00e0 un \u00e9v\u00e8nement du pass\u00e9.<br><\/li><\/ul>\n\n\n\n<p>Au plaisir de vous accompagner<\/p>\n","protected":false},"excerpt":{"rendered":"<p>Ag\u00e9e de 47 ans et issue de formation sup\u00e9rieure en communication, j&#8217;ai eu &#8220;plusieurs vies&#8221; qui m&#8217;ont toutes beaucoup enrichie, tant d&#8217;un point de vue professionnel que personnel. Apr\u00e8s des postes \u00e0 responsabilit\u00e9s en SSII puis en cabinet de recrutement et enfin dans l&#8217;\u00e9dition m\u00e9dicale, j&#8217;ai d\u00e9cid\u00e9 de cr\u00e9er ma propre soci\u00e9t\u00e9 dans le domaine [&hellip;]<\/p>\n","protected":false},"author":1,"featured_media":393,"parent":0,"menu_order":0,"comment_status":"closed","ping_status":"closed","template":"","meta":[],"_links":{"self":[{"href":"https:\/\/www.calhypnose.com\/index.php\/wp-json\/wp\/v2\/pages\/7"}],"collection":[{"href":"https:\/\/www.calhypnose.com\/index.php\/wp-json\/wp\/v2\/pages"}],"about":[{"href":"https:\/\/www.calhypnose.com\/index.php\/wp-json\/wp\/v2\/types\/page"}],"author":[{"embeddable":true,"href":"https:\/\/www.calhypnose.com\/index.php\/wp-json\/wp\/v2\/users\/1"}],"replies":[{"embeddable":true,"href":"https:\/\/www.calhypnose.com\/index.php\/wp-json\/wp\/v2\/comments?post=7"}],"version-history":[{"count":43,"href":"https:\/\/www.calhypnose.com\/index.php\/wp-json\/wp\/v2\/pages\/7\/revisions"}],"predecessor-version":[{"id":472,"href":"https:\/\/www.calhypnose.com\/index.php\/wp-json\/wp\/v2\/pages\/7\/revisions\/472"}],"wp:featuredmedia":[{"embeddable":true,"href":"https:\/\/www.calhypnose.com\/index.php\/wp-json\/wp\/v2\/media\/393"}],"wp:attachment":[{"href":"https:\/\/www.calhypnose.com\/index.php\/wp-json\/wp\/v2\/media?parent=7"}],"curies":[{"name":"wp","href":"https:\/\/api.w.org\/{rel}","templated":true}]}}