  {"id":155,"date":"2021-03-02T12:29:45","date_gmt":"2021-03-02T11:29:45","guid":{"rendered":"http:\/\/www.calhypnose.com\/?page_id=155"},"modified":"2022-12-30T14:18:23","modified_gmt":"2022-12-30T13:18:23","slug":"contact","status":"publish","type":"page","link":"https:\/\/www.calhypnose.com\/index.php\/contact\/","title":{"rendered":"Contact"},"content":{"rendered":"\n<p class=\"has-text-align-left has-normal-font-size\">Rue de Landegrand &#8211; 33290 Parempuyre (parking priv\u00e9 et gratuit)<\/p>\n\n\n\n<p class=\"has-text-align-left has-normal-font-size\">Bus 76 arr\u00eat la Naoude &#8211;  Gare de Parempuyre \u00e0 3km<br><\/p>\n\n\n\n<p class=\"has-text-align-left has-normal-font-size\">T\u00e9l : 07 88 11 95 57<br><\/p>\n\n\n\n<p class=\"has-text-align-left has-normal-font-size\">Mail : corineferraro@gmail.com <\/p>\n\n\n\n<figure class=\"wp-block-image size-full is-resized\"><a href=\"https:\/\/www.instagram.com\/calhypnose_corine\/\"><img loading=\"lazy\" src=\"http:\/\/www.calhypnose.com\/wp-content\/uploads\/2022\/12\/image.jpeg\" alt=\"\" class=\"wp-image-468\" width=\"41\" height=\"41\" srcset=\"https:\/\/www.calhypnose.com\/wp-content\/uploads\/2022\/12\/image.jpeg 225w, https:\/\/www.calhypnose.com\/wp-content\/uploads\/2022\/12\/image-150x150.jpeg 150w\" sizes=\"(max-width: 41px) 100vw, 41px\" \/><\/a><\/figure>\n\n\n\n<figure class=\"wp-block-image is-resized\"><a href=\"https:\/\/www.facebook.com\/calhypnose\"><img loading=\"lazy\" src=\"https:\/\/cdn-icons-png.flaticon.com\/512\/124\/124010.png\" alt=\"Facebook - Ic\u00f4nes des m\u00e9dias sociaux gratuites\" width=\"38\" height=\"38\"\/><\/a><\/figure>\n\n\n\n<p><\/p>\n\n\n\n<p>Horaires : 10h \u00e0 19h du lundi au vendredi (uniquement sur rendez-vous : pr\u00e9voir 1h30 pour la 1\u00e8re consultation \/ 1h pour les suivantes si n\u00e9cessaire)<\/p>\n\n\n\n<p><\/p>\n","protected":false},"excerpt":{"rendered":"<p>Rue de Landegrand &#8211; 33290 Parempuyre (parking priv\u00e9 et gratuit) Bus 76 arr\u00eat la Naoude &#8211; Gare de Parempuyre \u00e0 3km T\u00e9l : 07 88 11 95 57 Mail : corineferraro@gmail.com Horaires : 10h \u00e0 19h du lundi au vendredi (uniquement sur rendez-vous : pr\u00e9voir 1h30 pour la 1\u00e8re consultation \/ 1h pour les suivantes [&hellip;]<\/p>\n","protected":false},"author":1,"featured_media":393,"parent":0,"menu_order":0,"comment_status":"closed","ping_status":"closed","template":"","meta":[],"_links":{"self":[{"href":"https:\/\/www.calhypnose.com\/index.php\/wp-json\/wp\/v2\/pages\/155"}],"collection":[{"href":"https:\/\/www.calhypnose.com\/index.php\/wp-json\/wp\/v2\/pages"}],"about":[{"href":"https:\/\/www.calhypnose.com\/index.php\/wp-json\/wp\/v2\/types\/page"}],"author":[{"embeddable":true,"href":"https:\/\/www.calhypnose.com\/index.php\/wp-json\/wp\/v2\/users\/1"}],"replies":[{"embeddable":true,"href":"https:\/\/www.calhypnose.com\/index.php\/wp-json\/wp\/v2\/comments?post=155"}],"version-history":[{"count":31,"href":"https:\/\/www.calhypnose.com\/index.php\/wp-json\/wp\/v2\/pages\/155\/revisions"}],"predecessor-version":[{"id":469,"href":"https:\/\/www.calhypnose.com\/index.php\/wp-json\/wp\/v2\/pages\/155\/revisions\/469"}],"wp:featuredmedia":[{"embeddable":true,"href":"https:\/\/www.calhypnose.com\/index.php\/wp-json\/wp\/v2\/media\/393"}],"wp:attachment":[{"href":"https:\/\/www.calhypnose.com\/index.php\/wp-json\/wp\/v2\/media?parent=155"}],"curies":[{"name":"wp","href":"https:\/\/api.w.org\/{rel}","templated":true}]}}